{"id":164,"date":"2024-10-05T12:27:40","date_gmt":"2024-10-05T09:27:40","guid":{"rendered":"https:\/\/www.1e1.net.tr\/tr\/?page_id=164"},"modified":"2024-10-24T14:39:17","modified_gmt":"2024-10-24T11:39:17","slug":"sinav-destegi","status":"publish","type":"page","link":"https:\/\/www.1e1.net.tr\/tr\/sinav-destegi\/","title":{"rendered":"S\u0131nav Deste\u011fi"},"content":{"rendered":"\n<p class=\"has-text-align-center has-x-large-font-size\"><strong><em><mark style=\"background-color:rgba(0, 0, 0, 0)\" class=\"has-inline-color has-luminous-vivid-orange-color\">&#8220;Ba\u015far\u0131n\u0131n S\u0131rr\u0131, Do\u011fru Destekte Sakl\u0131!&#8221;<\/mark><\/em><\/strong><br><\/p>\n\n\n\n<p><\/p>\n\n\n\n<p class=\"has-text-align-center has-large-font-size\">S\u0131nav kayg\u0131lar\u0131n\u0131 geride b\u0131rak\u0131p hedeflerine ula\u015fmak ister misin? <\/p>\n\n\n\n<p class=\"has-text-align-center has-large-font-size\">1e1, sana \u00f6zel haz\u0131rlad\u0131\u011f\u0131 s\u0131nav destek programlar\u0131yla ba\u015far\u0131na ortak oluyor!<\/p>\n\n\n\n<p class=\"has-text-align-center has-large-font-size\">S\u0131nav deste\u011fi almak i\u00e7in hemen bize <a href=\"https:\/\/wa.me\/+905102205145\">ula\u015f\u0131n<\/a>.<\/p>\n\n\n\n<p class=\"has-text-align-center has-large-font-size\"><\/p>\n\n\n\n<p class=\"has-medium-font-size\"><\/p>\n","protected":false},"excerpt":{"rendered":"<p>&#8220;Ba\u015far\u0131n\u0131n S\u0131rr\u0131, Do\u011fru Destekte Sakl\u0131!&#8221; S\u0131nav kayg\u0131lar\u0131n\u0131 geride b\u0131rak\u0131p hedeflerine ula\u015fmak ister misin? 1e1, sana \u00f6zel haz\u0131rlad\u0131\u011f\u0131 s\u0131nav destek programlar\u0131yla ba\u015far\u0131na ortak oluyor! S\u0131nav deste\u011fi almak i\u00e7in hemen bize ula\u015f\u0131n.<\/p>\n","protected":false},"author":1,"featured_media":0,"parent":0,"menu_order":0,"comment_status":"closed","ping_status":"closed","template":"","meta":{"footnotes":""},"class_list":["post-164","page","type-page","status-publish","hentry"],"_links":{"self":[{"href":"https:\/\/www.1e1.net.tr\/tr\/wp-json\/wp\/v2\/pages\/164","targetHints":{"allow":["GET"]}}],"collection":[{"href":"https:\/\/www.1e1.net.tr\/tr\/wp-json\/wp\/v2\/pages"}],"about":[{"href":"https:\/\/www.1e1.net.tr\/tr\/wp-json\/wp\/v2\/types\/page"}],"author":[{"embeddable":true,"href":"https:\/\/www.1e1.net.tr\/tr\/wp-json\/wp\/v2\/users\/1"}],"replies":[{"embeddable":true,"href":"https:\/\/www.1e1.net.tr\/tr\/wp-json\/wp\/v2\/comments?post=164"}],"version-history":[{"count":1,"href":"https:\/\/www.1e1.net.tr\/tr\/wp-json\/wp\/v2\/pages\/164\/revisions"}],"predecessor-version":[{"id":165,"href":"https:\/\/www.1e1.net.tr\/tr\/wp-json\/wp\/v2\/pages\/164\/revisions\/165"}],"wp:attachment":[{"href":"https:\/\/www.1e1.net.tr\/tr\/wp-json\/wp\/v2\/media?parent=164"}],"curies":[{"name":"wp","href":"https:\/\/api.w.org\/{rel}","templated":true}]}}