{"id":135,"date":"2024-10-05T11:48:29","date_gmt":"2024-10-05T08:48:29","guid":{"rendered":"https:\/\/www.1e1.net.tr\/tr\/?page_id=135"},"modified":"2024-10-18T11:52:57","modified_gmt":"2024-10-18T08:52:57","slug":"gelisim-felsefemiz","status":"publish","type":"page","link":"https:\/\/www.1e1.net.tr\/tr\/gelisim-felsefemiz\/","title":{"rendered":"Geli\u015fim Felsefemiz"},"content":{"rendered":"\n<div class=\"wp-block-group has-medium-font-size\"><div class=\"wp-block-group__inner-container is-layout-constrained wp-block-group-is-layout-constrained\">\n<p class=\"has-medium-font-size\"><br>Geli\u015fim, yaln\u0131zca fiziksel bir b\u00fcy\u00fcme de\u011fil, ayn\u0131 zamanda zihinsel, duygusal ve ruhsal olarak olgunla\u015fma s\u00fcrecidir. Bu s\u00fcre\u00e7, hayat boyu devam eden bir ke\u015fif yolculu\u011fudur.<\/p>\n\n\n\n<ul class=\"wp-block-list\">\n<li>De\u011fi\u015fime Uyum<\/li>\n\n\n\n<li>Potansiyeli Ortaya \u00c7\u0131karma<\/li>\n\n\n\n<li class=\"has-medium-font-size\">Mutluluk ve Doyum<\/li>\n\n\n\n<li>Ba\u015far\u0131ya Ula\u015fma<\/li>\n\n\n\n<li>Topluma Katk\u0131<\/li>\n\n\n\n<li>Geli\u015fimin Boyutlar\u0131<\/li>\n\n\n\n<li>Fiziksel Geli\u015fim<\/li>\n\n\n\n<li>Zihinsel Geli\u015fim<\/li>\n\n\n\n<li>Duygusal Geli\u015fim<\/li>\n<\/ul>\n\n\n\n<p class=\"has-medium-font-size\">gibi maddeler bize geli\u015fimin \u00f6nemini \u00f6zetle anlatmaktad\u0131r. Bu yolculu\u011funuzda bizler de size destek olmak i\u00e7in yan\u0131 ba\u015f\u0131n\u0131zday\u0131z. Daha fazlas\u0131 i\u00e7in bizimle <a href=\"https:\/\/wa.me\/+905102205145\">ileti\u015fime <\/a>ge\u00e7in \ud83d\ude42<\/p>\n<\/div><\/div>\n\n\n\n<p><\/p>\n","protected":false},"excerpt":{"rendered":"<p>Geli\u015fim, yaln\u0131zca fiziksel bir b\u00fcy\u00fcme de\u011fil, ayn\u0131 zamanda zihinsel, duygusal ve ruhsal olarak olgunla\u015fma s\u00fcrecidir. Bu s\u00fcre\u00e7, hayat boyu devam eden bir ke\u015fif yolculu\u011fudur. gibi maddeler bize geli\u015fimin \u00f6nemini \u00f6zetle anlatmaktad\u0131r. Bu yolculu\u011funuzda bizler de size destek olmak i\u00e7in yan\u0131 ba\u015f\u0131n\u0131zday\u0131z. Daha fazlas\u0131 i\u00e7in bizimle ileti\u015fime ge\u00e7in \ud83d\ude42<\/p>\n","protected":false},"author":1,"featured_media":0,"parent":0,"menu_order":0,"comment_status":"closed","ping_status":"closed","template":"","meta":{"footnotes":""},"class_list":["post-135","page","type-page","status-publish","hentry"],"_links":{"self":[{"href":"https:\/\/www.1e1.net.tr\/tr\/wp-json\/wp\/v2\/pages\/135","targetHints":{"allow":["GET"]}}],"collection":[{"href":"https:\/\/www.1e1.net.tr\/tr\/wp-json\/wp\/v2\/pages"}],"about":[{"href":"https:\/\/www.1e1.net.tr\/tr\/wp-json\/wp\/v2\/types\/page"}],"author":[{"embeddable":true,"href":"https:\/\/www.1e1.net.tr\/tr\/wp-json\/wp\/v2\/users\/1"}],"replies":[{"embeddable":true,"href":"https:\/\/www.1e1.net.tr\/tr\/wp-json\/wp\/v2\/comments?post=135"}],"version-history":[{"count":1,"href":"https:\/\/www.1e1.net.tr\/tr\/wp-json\/wp\/v2\/pages\/135\/revisions"}],"predecessor-version":[{"id":137,"href":"https:\/\/www.1e1.net.tr\/tr\/wp-json\/wp\/v2\/pages\/135\/revisions\/137"}],"wp:attachment":[{"href":"https:\/\/www.1e1.net.tr\/tr\/wp-json\/wp\/v2\/media?parent=135"}],"curies":[{"name":"wp","href":"https:\/\/api.w.org\/{rel}","templated":true}]}}