{"id":121,"date":"2024-10-05T11:22:27","date_gmt":"2024-10-05T08:22:27","guid":{"rendered":"https:\/\/www.1e1.net.tr\/tr\/?page_id=121"},"modified":"2025-04-19T13:53:56","modified_gmt":"2025-04-19T10:53:56","slug":"meslek-analizi","status":"publish","type":"page","link":"https:\/\/www.1e1.net.tr\/tr\/meslek-analizi\/","title":{"rendered":"Meslek Analizi"},"content":{"rendered":"\n<h4 class=\"wp-block-heading has-text-align-center\" style=\"font-size:30px\">Meslek E\u011filimi Analizi Nedir?<\/h4>\n\n\n\n<p class=\"has-text-align-center\" style=\"font-size:25px\">T\u00fcrkiye\u2019de ilk kez yap\u0131lan bu sistemde ama\u00e7 5-35 ya\u015f aras\u0131 t\u00fcm bireyleri ilgisine ve yeteneklerine g\u00f6re y\u00f6nlendirmektir. Bu do\u011frultuda meslek analiz testlerimiz, meslek se\u00e7imi konusunda uzman e\u011fitim ko\u00e7umuz, psikolo\u011fumuz ve kariyer ko\u00e7umuzla \u00f6\u011frencilerimizin t\u00fcm s\u00fcre\u00e7lerinde onlar\u0131n yan\u0131nday\u0131z.<\/p>\n\n\n\n<div style=\"height:64px\" aria-hidden=\"true\" class=\"wp-block-spacer\"><\/div>\n\n\n<style>\n       .errordiv { padding:10px; margin:10px; border: 1px solid #555555;color: #000000;background-color: #f8f8f8; width:500px; }#advanced_iframe {visibility:visible;opacity:1;vertical-align:top;}.ai-info-bottom-iframe { position: fixed; z-index: 10000; bottom:0; left: 0; margin: 0px; text-align: center; width: 100%; background-color: #ff9999; padding-left: 5px;padding-bottom: 5px; border-top: 1px solid #aaa } a.ai-bold {font-weight: bold;}#ai-layer-div-advanced_iframe p {height:100%;margin:0;padding:0}<\/style><script type=\"text\/javascript\">var ai_iframe_width_advanced_iframe = 0;var ai_iframe_height_advanced_iframe = 0;var aiIsIe8=false;var aiOnloadScrollTop=\"true\";var aiShowDebug=false;\n\t\tif (typeof aiReadyCallbacks === 'undefined') {\n\t\t\tvar aiReadyCallbacks = [];\n\t\t} else if (!(aiReadyCallbacks instanceof Array)) {\n\t\t\tvar aiReadyCallbacks = [];\n\t\t}    function aiShowIframeId(id_iframe) { jQuery(\"#\"+id_iframe).css(\"visibility\", \"visible\");    }    function aiResizeIframeHeight(height) { aiResizeIframeHeight(height,advanced_iframe); }    function aiResizeIframeHeightId(height,width,id) {aiResizeIframeHeightById(id,height);}<\/script><iframe id=\"advanced_iframe\"  name=\"advanced_iframe\"  src=\"https:\/\/www.1e1.net.tr\/tr\/eski\/hayatboyudestek.php\"  width=\"1200\"  height=\"500\"  scrolling=\"auto\"  frameborder=\"0\"  border=\"0\"  allowtransparency=\"true\"  loading=\"lazy\"  style=\";width:1200px;height:500px;\"  allowfullscreen ><\/iframe><script type=\"text\/javascript\">var ifrm_advanced_iframe = document.getElementById(\"advanced_iframe\");var hiddenTabsDoneadvanced_iframe = false;\nfunction resizeCallbackadvanced_iframe() {}<\/script><script type=\"text\/javascript\"><\/script>\n\n\n\n<div class=\"wp-block-buttons is-content-justification-center is-nowrap is-layout-flex wp-container-core-buttons-is-layout-1 wp-block-buttons-is-layout-flex\">\n<div class=\"wp-block-button\"><a class=\"wp-block-button__link has-text-align-center wp-element-button\">Meslek Analizi Yeni \u00d6zel Sitesi Yap\u0131m A\u015famas\u0131ndad\u0131r. Pek Yak\u0131nda Hizmete Girecektir.<\/a><\/div>\n<\/div>\n","protected":false},"excerpt":{"rendered":"<p>Meslek E\u011filimi Analizi Nedir? T\u00fcrkiye\u2019de ilk kez yap\u0131lan bu sistemde ama\u00e7 5-35 ya\u015f aras\u0131 t\u00fcm bireyleri ilgisine ve yeteneklerine g\u00f6re y\u00f6nlendirmektir. Bu do\u011frultuda meslek analiz testlerimiz, meslek se\u00e7imi konusunda uzman e\u011fitim ko\u00e7umuz, psikolo\u011fumuz ve kariyer ko\u00e7umuzla \u00f6\u011frencilerimizin t\u00fcm s\u00fcre\u00e7lerinde onlar\u0131n yan\u0131nday\u0131z.<\/p>\n","protected":false},"author":1,"featured_media":0,"parent":0,"menu_order":0,"comment_status":"closed","ping_status":"closed","template":"","meta":{"footnotes":""},"class_list":["post-121","page","type-page","status-publish","hentry"],"_links":{"self":[{"href":"https:\/\/www.1e1.net.tr\/tr\/wp-json\/wp\/v2\/pages\/121","targetHints":{"allow":["GET"]}}],"collection":[{"href":"https:\/\/www.1e1.net.tr\/tr\/wp-json\/wp\/v2\/pages"}],"about":[{"href":"https:\/\/www.1e1.net.tr\/tr\/wp-json\/wp\/v2\/types\/page"}],"author":[{"embeddable":true,"href":"https:\/\/www.1e1.net.tr\/tr\/wp-json\/wp\/v2\/users\/1"}],"replies":[{"embeddable":true,"href":"https:\/\/www.1e1.net.tr\/tr\/wp-json\/wp\/v2\/comments?post=121"}],"version-history":[{"count":9,"href":"https:\/\/www.1e1.net.tr\/tr\/wp-json\/wp\/v2\/pages\/121\/revisions"}],"predecessor-version":[{"id":2046,"href":"https:\/\/www.1e1.net.tr\/tr\/wp-json\/wp\/v2\/pages\/121\/revisions\/2046"}],"wp:attachment":[{"href":"https:\/\/www.1e1.net.tr\/tr\/wp-json\/wp\/v2\/media?parent=121"}],"curies":[{"name":"wp","href":"https:\/\/api.w.org\/{rel}","templated":true}]}}