{"id":114,"date":"2024-10-05T11:18:05","date_gmt":"2024-10-05T08:18:05","guid":{"rendered":"https:\/\/www.1e1.net.tr\/tr\/?page_id=114"},"modified":"2024-10-20T00:03:43","modified_gmt":"2024-10-19T21:03:43","slug":"sik-sorulan-sorular","status":"publish","type":"page","link":"https:\/\/www.1e1.net.tr\/tr\/sik-sorulan-sorular\/","title":{"rendered":"S\u0131k\u00e7a Sorulan Sorular"},"content":{"rendered":"\n<p>[WPSM_AC id=247]<\/p>\n\n\n\n<figure class=\"wp-block-table\"><table class=\"has-fixed-layout\"><tbody><tr><td class=\"has-text-align-center\" data-align=\"center\"><strong><em><mark style=\"background-color:rgba(0, 0, 0, 0)\" class=\"has-inline-color has-vivid-cyan-blue-color\">Arad\u0131\u011f\u0131n\u0131 bulamad\u0131n m\u0131? <a href=\"https:\/\/wa.me\/+905102205145\">Destek Merkezimize yaz\u0131n<\/a>.<\/mark><\/em><\/strong><\/td><\/tr><\/tbody><\/table><\/figure>\n\n\n\n<p><\/p>\n","protected":false},"excerpt":{"rendered":"<p>[WPSM_AC id=247] Arad\u0131\u011f\u0131n\u0131 bulamad\u0131n m\u0131? Destek Merkezimize yaz\u0131n.<\/p>\n","protected":false},"author":1,"featured_media":0,"parent":0,"menu_order":0,"comment_status":"closed","ping_status":"closed","template":"","meta":{"footnotes":""},"class_list":["post-114","page","type-page","status-publish","hentry"],"_links":{"self":[{"href":"https:\/\/www.1e1.net.tr\/tr\/wp-json\/wp\/v2\/pages\/114","targetHints":{"allow":["GET"]}}],"collection":[{"href":"https:\/\/www.1e1.net.tr\/tr\/wp-json\/wp\/v2\/pages"}],"about":[{"href":"https:\/\/www.1e1.net.tr\/tr\/wp-json\/wp\/v2\/types\/page"}],"author":[{"embeddable":true,"href":"https:\/\/www.1e1.net.tr\/tr\/wp-json\/wp\/v2\/users\/1"}],"replies":[{"embeddable":true,"href":"https:\/\/www.1e1.net.tr\/tr\/wp-json\/wp\/v2\/comments?post=114"}],"version-history":[{"count":5,"href":"https:\/\/www.1e1.net.tr\/tr\/wp-json\/wp\/v2\/pages\/114\/revisions"}],"predecessor-version":[{"id":254,"href":"https:\/\/www.1e1.net.tr\/tr\/wp-json\/wp\/v2\/pages\/114\/revisions\/254"}],"wp:attachment":[{"href":"https:\/\/www.1e1.net.tr\/tr\/wp-json\/wp\/v2\/media?parent=114"}],"curies":[{"name":"wp","href":"https:\/\/api.w.org\/{rel}","templated":true}]}}